{"id":2082,"date":"2022-06-03T14:09:18","date_gmt":"2022-06-03T14:09:18","guid":{"rendered":"http:\/\/winterlia.se\/web\/?page_id=2082"},"modified":"2024-10-04T15:07:28","modified_gmt":"2024-10-04T15:07:28","slug":"lektorslasning","status":"publish","type":"page","link":"http:\/\/winterlia.se\/web\/lektorslasning\/","title":{"rendered":"Winterlia Design &#8211; Kreativa l\u00f6sningar f\u00f6r alla dina behov"},"content":{"rendered":"\t\t<div data-elementor-type=\"wp-page\" data-elementor-id=\"2082\" class=\"elementor elementor-2082\">\n\t\t\t\t\t\t<section class=\"elementor-section elementor-top-section elementor-element elementor-element-d5ca3a7 elementor-section-content-middle elementor-section-stretched elementor-section-height-min-height elementor-section-boxed elementor-section-height-default elementor-section-items-middle\" data-id=\"d5ca3a7\" data-element_type=\"section\" data-settings=\"{&quot;stretch_section&quot;:&quot;section-stretched&quot;}\">\n\t\t\t\t\t\t<div class=\"elementor-container elementor-column-gap-wide\">\n\t\t\t\t\t<div class=\"elementor-column elementor-col-100 elementor-top-column elementor-element elementor-element-64c81d9\" data-id=\"64c81d9\" data-element_type=\"column\">\n\t\t\t<div class=\"elementor-widget-wrap\">\n\t\t\t\t\t\t\t<\/div>\n\t\t<\/div>\n\t\t\t\t\t<\/div>\n\t\t<\/section>\n\t\t\t\t<section class=\"elementor-section elementor-top-section elementor-element elementor-element-5bf1fdc elementor-section-boxed elementor-section-height-default elementor-section-height-default\" data-id=\"5bf1fdc\" data-element_type=\"section\" data-settings=\"{&quot;background_background&quot;:&quot;classic&quot;}\">\n\t\t\t\t\t\t<div class=\"elementor-container elementor-column-gap-default\">\n\t\t\t\t\t<div class=\"elementor-column elementor-col-100 elementor-top-column elementor-element elementor-element-447b789\" data-id=\"447b789\" data-element_type=\"column\">\n\t\t\t<div class=\"elementor-widget-wrap elementor-element-populated\">\n\t\t\t\t\t\t<section class=\"elementor-section elementor-inner-section elementor-element elementor-element-113c6ad elementor-section-content-top elementor-section-boxed elementor-section-height-default elementor-section-height-default\" data-id=\"113c6ad\" data-element_type=\"section\">\n\t\t\t\t\t\t<div class=\"elementor-container elementor-column-gap-extended\">\n\t\t\t\t\t<div class=\"elementor-column elementor-col-100 elementor-inner-column elementor-element elementor-element-a0e581c\" data-id=\"a0e581c\" data-element_type=\"column\" data-settings=\"{&quot;background_background&quot;:&quot;classic&quot;}\">\n\t\t\t<div class=\"elementor-widget-wrap elementor-element-populated\">\n\t\t\t\t\t\t<div class=\"elementor-element elementor-element-64d5551 elementor-widget elementor-widget-image\" data-id=\"64d5551\" data-element_type=\"widget\" data-widget_type=\"image.default\">\n\t\t\t\t<div class=\"elementor-widget-container\">\n\t\t\t\t\t\t\t\t\t\t\t\t\t<img fetchpriority=\"high\" decoding=\"async\" width=\"250\" height=\"247\" src=\"http:\/\/winterlia.se\/web\/wp-content\/uploads\/2024\/09\/designlogo.png\" class=\"attachment-full size-full wp-image-2499\" alt=\"\" srcset=\"http:\/\/winterlia.se\/web\/wp-content\/uploads\/2024\/09\/designlogo.png 250w, http:\/\/winterlia.se\/web\/wp-content\/uploads\/2024\/09\/designlogo-164x162.png 164w\" sizes=\"(max-width: 250px) 100vw, 250px\" \/>\t\t\t\t\t\t\t\t\t\t\t\t\t<\/div>\n\t\t\t\t<\/div>\n\t\t\t\t<div class=\"elementor-element elementor-element-8c6e097 elementor-widget elementor-widget-heading\" data-id=\"8c6e097\" data-element_type=\"widget\" data-widget_type=\"heading.default\">\n\t\t\t\t<div class=\"elementor-widget-container\">\n\t\t\t<h4 class=\"elementor-heading-title elementor-size-default\">WINTERLIA DESIGN<\/h4>\t\t<\/div>\n\t\t\t\t<\/div>\n\t\t\t\t<div class=\"elementor-element elementor-element-c0b97f0 elementor-widget elementor-widget-heading\" data-id=\"c0b97f0\" data-element_type=\"widget\" data-widget_type=\"heading.default\">\n\t\t\t\t<div class=\"elementor-widget-container\">\n\t\t\t<p class=\"elementor-heading-title elementor-size-default\">Kreativa l\u00f6sningar f\u00f6r alla dina behov<\/p>\t\t<\/div>\n\t\t\t\t<\/div>\n\t\t\t\t<div class=\"elementor-element elementor-element-45c42c6 elementor-widget-divider--view-line elementor-widget elementor-widget-divider\" data-id=\"45c42c6\" data-element_type=\"widget\" data-widget_type=\"divider.default\">\n\t\t\t\t<div class=\"elementor-widget-container\">\n\t\t\t\t\t<div class=\"elementor-divider\">\n\t\t\t<span class=\"elementor-divider-separator\">\n\t\t\t\t\t\t<\/span>\n\t\t<\/div>\n\t\t\t\t<\/div>\n\t\t\t\t<\/div>\n\t\t\t\t<div class=\"elementor-element elementor-element-03797c4 elementor-widget elementor-widget-text-editor\" data-id=\"03797c4\" data-element_type=\"widget\" data-widget_type=\"text-editor.default\">\n\t\t\t\t<div class=\"elementor-widget-container\">\n\t\t\t\t\t\t\t<p>Med \u00f6ver 20 \u00e5rs erfarenhet inom grafisk design och webb erbjuder jag p\u00e5 Winterlia Design ett brett utbud av tj\u00e4nster. Jag skapar allt fr\u00e5n logotyper, grafiska profiler och inbjudningar till hemsidor och gratulationskort. Beh\u00f6ver du n\u00e5got unikt f\u00f6r ditt f\u00f6retag eller din personliga profil? D\u00e5 har du kommit r\u00e4tt!<\/p><p>Jag har en bakgrund som kreativ entrepren\u00f6r, med kunskaper inom foto, webb och design. Oavsett om det g\u00e4ller att f\u00e5nga en st\u00e4mningsfull bild, bygga en engagerande webbplats, eller skapa material som sticker ut, s\u00e5 kan jag hj\u00e4lpa dig med b\u00e5de helheten och detaljerna. Som en erfaren fotograf erbjuder jag ocks\u00e5 tj\u00e4nster inom portr\u00e4ttfotografering, djur- och milj\u00f6fotografering \u2013 alltid med ett \u00f6ga f\u00f6r att f\u00e5nga det d\u00e4r lilla extra.<\/p><p>Genom \u00e5ren har jag jobbat med en m\u00e4ngd olika projekt, och jag s\u00e4tter alltid fokus p\u00e5 att leverera skr\u00e4ddarsydda l\u00f6sningar som speglar dina behov och visioner. P\u00e5 Winterlia Design f\u00e5r du kreativt st\u00f6d i allt fr\u00e5n det lilla till det stora.<\/p>\t\t\t\t\t\t<\/div>\n\t\t\t\t<\/div>\n\t\t\t\t<div class=\"elementor-element elementor-element-bf863eb elementor-widget-divider--view-line elementor-widget elementor-widget-divider\" data-id=\"bf863eb\" data-element_type=\"widget\" data-widget_type=\"divider.default\">\n\t\t\t\t<div class=\"elementor-widget-container\">\n\t\t\t\t\t<div class=\"elementor-divider\">\n\t\t\t<span class=\"elementor-divider-separator\">\n\t\t\t\t\t\t<\/span>\n\t\t<\/div>\n\t\t\t\t<\/div>\n\t\t\t\t<\/div>\n\t\t\t\t<div class=\"elementor-element elementor-element-18f0d17 elementor-widget elementor-widget-text-editor\" data-id=\"18f0d17\" data-element_type=\"widget\" data-widget_type=\"text-editor.default\">\n\t\t\t\t<div class=\"elementor-widget-container\">\n\t\t\t\t\t\t\t<p><b>Mer information och detaljer kommer snart<\/b><\/p><p><span style=\"color: var( --e-global-color-text );\">Har du n\u00e5gra funderingar under tiden eller \u00f6nskar hj\u00e4lp med n\u00e5got s\u00e5 h\u00f6r av dig s\u00e5 kan vi hitta en l\u00f6sning<\/span><\/p>\t\t\t\t\t\t<\/div>\n\t\t\t\t<\/div>\n\t\t\t\t<div class=\"elementor-element elementor-element-6f1d173 elementor-align-center elementor-widget elementor-widget-button\" data-id=\"6f1d173\" data-element_type=\"widget\" data-widget_type=\"button.default\">\n\t\t\t\t<div class=\"elementor-widget-container\">\n\t\t\t\t\t<div class=\"elementor-button-wrapper\">\n\t\t\t<a class=\"elementor-button elementor-button-link elementor-size-sm\" href=\"mailto:erika@amunra.se\">\n\t\t\t\t\t\t<span class=\"elementor-button-content-wrapper\">\n\t\t\t\t\t\t\t\t\t<span class=\"elementor-button-text\">KONTAKTA MIG<\/span>\n\t\t\t\t\t<\/span>\n\t\t\t\t\t<\/a>\n\t\t<\/div>\n\t\t\t\t<\/div>\n\t\t\t\t<\/div>\n\t\t\t\t\t<\/div>\n\t\t<\/div>\n\t\t\t\t\t<\/div>\n\t\t<\/section>\n\t\t\t\t\t<\/div>\n\t\t<\/div>\n\t\t\t\t\t<\/div>\n\t\t<\/section>\n\t\t\t\t<\/div>\n\t\t","protected":false},"excerpt":{"rendered":"<p>WINTERLIA DESIGN Kreativa l\u00f6sningar f\u00f6r alla dina behov Med \u00f6ver 20 \u00e5rs erfarenhet inom grafisk design och webb erbjuder jag<\/p>\n<div class=\"read-button read_more_btn_text\"><a class=\"read_more\" href=\"http:\/\/winterlia.se\/web\/lektorslasning\/\">Read Now<span class=\"arrow_readm\"> &#x25BA;<\/span><\/a><\/div>\n","protected":false},"author":1,"featured_media":0,"parent":0,"menu_order":0,"comment_status":"closed","ping_status":"closed","template":"elementor_header_footer","meta":{"footnotes":""},"class_list":["post-2082","page","type-page","status-publish","hentry"],"_links":{"self":[{"href":"http:\/\/winterlia.se\/web\/wp-json\/wp\/v2\/pages\/2082","targetHints":{"allow":["GET"]}}],"collection":[{"href":"http:\/\/winterlia.se\/web\/wp-json\/wp\/v2\/pages"}],"about":[{"href":"http:\/\/winterlia.se\/web\/wp-json\/wp\/v2\/types\/page"}],"author":[{"embeddable":true,"href":"http:\/\/winterlia.se\/web\/wp-json\/wp\/v2\/users\/1"}],"replies":[{"embeddable":true,"href":"http:\/\/winterlia.se\/web\/wp-json\/wp\/v2\/comments?post=2082"}],"version-history":[{"count":57,"href":"http:\/\/winterlia.se\/web\/wp-json\/wp\/v2\/pages\/2082\/revisions"}],"predecessor-version":[{"id":2870,"href":"http:\/\/winterlia.se\/web\/wp-json\/wp\/v2\/pages\/2082\/revisions\/2870"}],"wp:attachment":[{"href":"http:\/\/winterlia.se\/web\/wp-json\/wp\/v2\/media?parent=2082"}],"curies":[{"name":"wp","href":"https:\/\/api.w.org\/{rel}","templated":true}]}}